{"id":2004,"date":"2021-09-21T10:55:09","date_gmt":"2021-09-21T10:55:09","guid":{"rendered":"https:\/\/hoteldolargo.e-gdsbookingsuite.com\/?page_id=2004"},"modified":"2021-09-21T13:36:48","modified_gmt":"2021-09-21T13:36:48","slug":"politiques-generales","status":"publish","type":"page","link":"https:\/\/www.hoteldolargo.pt\/fr\/politiques-generales\/","title":{"rendered":"Politiques g\u00e9n\u00e9rales"},"content":{"rendered":"\t\t<div data-elementor-type=\"wp-post\" data-elementor-id=\"2004\" class=\"elementor elementor-2004 elementor-1160\" data-elementor-settings=\"[]\">\n\t\t\t\t\t\t\t<div class=\"elementor-section-wrap\">\n\t\t\t\t\t\t\t<section class=\"elementor-section elementor-top-section elementor-element elementor-element-7c6ff5bb elementor-section-full_width elementor-section-height-min-height elementor-section-height-default elementor-section-items-middle\" data-id=\"7c6ff5bb\" data-element_type=\"section\" data-settings=\"{&quot;background_background&quot;:&quot;classic&quot;}\">\n\t\t\t\t\t\t\t<div class=\"elementor-background-overlay\"><\/div>\n\t\t\t\t\t\t\t<div class=\"elementor-container elementor-column-gap-default\">\n\t\t\t\t\t<div class=\"elementor-column elementor-col-100 elementor-top-column elementor-element elementor-element-91f9f2b\" data-id=\"91f9f2b\" data-element_type=\"column\">\n\t\t\t<div class=\"elementor-widget-wrap elementor-element-populated\">\n\t\t\t\t\t\t\t\t<div class=\"elementor-element elementor-element-32575fce elementor-widget elementor-widget-spacer\" data-id=\"32575fce\" data-element_type=\"widget\" data-widget_type=\"spacer.default\">\n\t\t\t\t<div class=\"elementor-widget-container\">\n\t\t\t\t\t<div class=\"elementor-spacer\">\n\t\t\t<div class=\"elementor-spacer-inner\"><\/div>\n\t\t<\/div>\n\t\t\t\t<\/div>\n\t\t\t\t<\/div>\n\t\t\t\t<div class=\"elementor-element elementor-element-b83b3ee elementor-view-default elementor-position-top elementor-invisible elementor-widget elementor-widget-themo-header\" data-id=\"b83b3ee\" data-element_type=\"widget\" data-settings=\"{&quot;_animation&quot;:&quot;fadeIn&quot;}\" data-widget_type=\"themo-header.default\">\n\t\t\t\t<div class=\"elementor-widget-container\">\n\t\t\t\t\t<div class=\"th-header-wrap\">\n        <div class=\"elementor-icon-box-wrapper \">\n                            <div class=\"elementor-icon-box-content\">\n                    <h1 class=\"elementor-icon-box-title\">\n                        <span >Politiques g\u00e9n\u00e9rales<\/span>\n                    <\/h1>\n                                        <p class=\"elementor-icon-box-description\"><\/p>\n\n                                    <\/div>\n            <\/div>\n\n        <\/div>\n\n\t\t\t\t<\/div>\n\t\t\t\t<\/div>\n\t\t\t\t\t<\/div>\n\t\t<\/div>\n\t\t\t\t\t\t\t<\/div>\n\t\t<\/section>\n\t\t\t\t<section class=\"elementor-section elementor-top-section elementor-element elementor-element-cd2cb7f elementor-section-boxed elementor-section-height-default elementor-section-height-default\" data-id=\"cd2cb7f\" data-element_type=\"section\" data-settings=\"{&quot;background_background&quot;:&quot;classic&quot;}\">\n\t\t\t\t\t\t<div class=\"elementor-container elementor-column-gap-default\">\n\t\t\t\t\t<div class=\"elementor-column elementor-col-100 elementor-top-column elementor-element elementor-element-77c6e91\" data-id=\"77c6e91\" data-element_type=\"column\">\n\t\t\t<div class=\"elementor-widget-wrap elementor-element-populated\">\n\t\t\t\t\t\t\t\t<div class=\"elementor-element elementor-element-b31ef5f elementor-widget elementor-widget-spacer\" data-id=\"b31ef5f\" data-element_type=\"widget\" data-widget_type=\"spacer.default\">\n\t\t\t\t<div class=\"elementor-widget-container\">\n\t\t\t\t\t<div class=\"elementor-spacer\">\n\t\t\t<div class=\"elementor-spacer-inner\"><\/div>\n\t\t<\/div>\n\t\t\t\t<\/div>\n\t\t\t\t<\/div>\n\t\t\t\t<div class=\"elementor-element elementor-element-3f25bd5 elementor-widget elementor-widget-text-editor\" data-id=\"3f25bd5\" data-element_type=\"widget\" data-widget_type=\"text-editor.default\">\n\t\t\t\t<div class=\"elementor-widget-container\">\n\t\t\t<style>\/*! elementor - v3.3.1 - 20-07-2021 *\/\n.elementor-widget-text-editor.elementor-drop-cap-view-stacked .elementor-drop-cap{background-color:#818a91;color:#fff}.elementor-widget-text-editor.elementor-drop-cap-view-framed .elementor-drop-cap{color:#818a91;border:3px solid;background-color:transparent}.elementor-widget-text-editor:not(.elementor-drop-cap-view-default) .elementor-drop-cap{margin-top:8px}.elementor-widget-text-editor:not(.elementor-drop-cap-view-default) .elementor-drop-cap-letter{width:1em;height:1em}.elementor-widget-text-editor .elementor-drop-cap{float:left;text-align:center;line-height:1;font-size:50px}.elementor-widget-text-editor .elementor-drop-cap-letter{display:inline-block}<\/style>\t\t\t\t\t<p><strong>Horaires<\/strong><\/p><p>Arriv\u00e9e \u2013 Check-in \u00e0 partir de 16h.<\/p><p>Exit &#8211; Check-out jusqu&rsquo;\u00e0 12h.<\/p><p>\u00a0<\/p><p><strong>Enregistrement anticip\u00e9:<\/strong><\/p><p>Il ne sera disponible que sous r\u00e9serve de disponibilit\u00e9 et de r\u00e9servation pr\u00e9alable, moyennant des frais suppl\u00e9mentaires.<\/p><p>\u00a0<\/p><p><strong>D\u00e9part anticip\u00e9 :<\/strong><\/p><p>L&rsquo;H\u00f4tel se r\u00e9serve le droit de d\u00e9biter le montant total du s\u00e9jour en cas de d\u00e9part anticip\u00e9 du client et sans information pr\u00e9alable (24 heures minimum). Si la r\u00e9servation n&rsquo;est pas remboursable, elle sera d\u00e9bit\u00e9e avant l&rsquo;arriv\u00e9e \u00e0 l&rsquo;h\u00f4tel et il n&rsquo;y aura aucun remboursement en cas de d\u00e9part anticip\u00e9.<\/p><p>\u00a0<\/p><p><strong>Check-Out apr\u00e8s 12h00:<\/strong><\/p><p>Toujours sujet \u00e0 demande. Veuillez contacter la r\u00e9ception au moins 24 heures \u00e0 l&rsquo;avance. Ce service sera soumis \u00e0 des frais suppl\u00e9mentaires.<\/p><p>Nous pourrons entreposer vos bagages sans frais suppl\u00e9mentaires, veuillez nous contacter pour plus de d\u00e9tails.<\/p><p>\u00a0<\/p><p><strong>Lits suppl\u00e9mentaires:<\/strong><\/p><p>0-3 ans : s\u00e9jour gratuit dans une cr\u00e8che.<\/p><p>4-12 : s\u00e9jour avec lit suppl\u00e9mentaire dans la chambre\/type, selon la capacit\u00e9 respective et le tarif applicable.<\/p><p>13+ ou adulte : lit en typologie\/tarif applicable.<\/p><p>\u00a0<\/p><p>L&rsquo;h\u00f4tel fournit des lits b\u00e9b\u00e9 gratuitement, sur demande et sous r\u00e9serve de disponibilit\u00e9.<\/p><p>Chaque fois que vous amenez des enfants avec vous, il est obligatoire de toujours informer l&rsquo;\u00e2ge des enfants \u00e0 l&rsquo;avance afin que nous puissions assurer la disponibilit\u00e9 et valider le meilleur devis.<\/p><p>En cas de doute, contactez-nous avant de faire votre r\u00e9servation.<\/p><p>\u00a0<\/p><p><strong>\u00c2ge minimum:<\/strong><\/p><p>Pour s&rsquo;enregistrer \u00e0 l&rsquo;h\u00f4tel, le client doit \u00eatre \u00e2g\u00e9 d&rsquo;au moins 18 ans.<\/p><p>\u00a0<\/p><p><strong>Objets personnels:<\/strong><\/p><p>Le client est responsable \u00e0 100% de ses biens. L&rsquo;h\u00f4tel do Largo n&rsquo;est responsable d&rsquo;aucun objet.<\/p><p>\u00a0<\/p><p>Il n&rsquo;y aura aucun remboursement ou indemnit\u00e9 en cas de perte de biens ou de valeur pendant votre s\u00e9jour.<\/p><p>\u00a0<\/p><p><strong>Fum\u00e9e:<\/strong><\/p><p>L&rsquo;ensemble de l&rsquo;h\u00f4tel, y compris la chambre, est non-fumeur. Conform\u00e9ment \u00e0 la politique de l&rsquo;h\u00f4tel, nous nous r\u00e9servons le droit de facturer un suppl\u00e9ment conform\u00e9ment \u00e0 la loi n\u00b063\/2017 du 3 ao\u00fbt (amende de 750 \u20ac) en cas de non-respect de cette r\u00e8gle.<\/p><p>Voir la r\u00e9ception pour plus de d\u00e9tails.<\/p><p>\u00a0<\/p><p><strong>R\u00e9servations:<\/strong><\/p><p>Toutes les r\u00e9servations, \u00e0 l&rsquo;exception des programmes th\u00e9matiques, comprennent uniquement l&rsquo;h\u00e9bergement, les autres services auront un co\u00fbt suppl\u00e9mentaire.<\/p><p>\u00a0<\/p><p>Politique de garantie : afin de profiter de tous les services que nous avons \u00e0 votre disposition, nous exigeons que vous ayez une carte de cr\u00e9dit valide pendant votre s\u00e9jour.<\/p><p>\u00a0<\/p><p>Politique de d\u00e9p\u00f4t : Si vous ne fournissez pas ou n&rsquo;avez pas de carte de cr\u00e9dit valide, un d\u00e9p\u00f4t peut \u00eatre exig\u00e9 pour garantir la r\u00e9servation.<\/p><p>\u00a0<\/p><p><strong>Dommages caus\u00e9s ou objects manquants:<\/strong><\/p><p>L&rsquo;H\u00f4tel se r\u00e9serve le droit de facturer les dommages caus\u00e9s intentionnellement par le client.<\/p>\t\t\t\t\t\t<\/div>\n\t\t\t\t<\/div>\n\t\t\t\t<div class=\"elementor-element elementor-element-591c2da elementor-widget elementor-widget-spacer\" data-id=\"591c2da\" data-element_type=\"widget\" data-widget_type=\"spacer.default\">\n\t\t\t\t<div class=\"elementor-widget-container\">\n\t\t\t\t\t<div class=\"elementor-spacer\">\n\t\t\t<div class=\"elementor-spacer-inner\"><\/div>\n\t\t<\/div>\n\t\t\t\t<\/div>\n\t\t\t\t<\/div>\n\t\t\t\t\t<\/div>\n\t\t<\/div>\n\t\t\t\t\t\t\t<\/div>\n\t\t<\/section>\n\t\t\t\t\t\t<\/div>\n\t\t\t\t\t<\/div>\n\t\t","protected":false},"excerpt":{"rendered":"<p>Politiques g\u00e9n\u00e9rales Horaires Arriv\u00e9e \u2013 Check-in \u00e0 partir de 16h. Exit &#8211; Check-out jusqu&rsquo;\u00e0 12h. \u00a0 Enregistrement anticip\u00e9: Il ne sera disponible que sous r\u00e9serve de disponibilit\u00e9 et de r\u00e9servation pr\u00e9alable, moyennant des frais suppl\u00e9mentaires. \u00a0 D\u00e9part anticip\u00e9 : L&rsquo;H\u00f4tel &hellip; <a href=\"https:\/\/www.hoteldolargo.pt\/fr\/politiques-generales\/\">Read More<\/a><\/p>\n","protected":false},"author":1,"featured_media":0,"parent":0,"menu_order":16,"comment_status":"closed","ping_status":"closed","template":"","meta":[],"aioseo_notices":[],"_links":{"self":[{"href":"https:\/\/www.hoteldolargo.pt\/fr\/wp-json\/wp\/v2\/pages\/2004"}],"collection":[{"href":"https:\/\/www.hoteldolargo.pt\/fr\/wp-json\/wp\/v2\/pages"}],"about":[{"href":"https:\/\/www.hoteldolargo.pt\/fr\/wp-json\/wp\/v2\/types\/page"}],"author":[{"embeddable":true,"href":"https:\/\/www.hoteldolargo.pt\/fr\/wp-json\/wp\/v2\/users\/1"}],"replies":[{"embeddable":true,"href":"https:\/\/www.hoteldolargo.pt\/fr\/wp-json\/wp\/v2\/comments?post=2004"}],"version-history":[{"count":5,"href":"https:\/\/www.hoteldolargo.pt\/fr\/wp-json\/wp\/v2\/pages\/2004\/revisions"}],"predecessor-version":[{"id":2017,"href":"https:\/\/www.hoteldolargo.pt\/fr\/wp-json\/wp\/v2\/pages\/2004\/revisions\/2017"}],"wp:attachment":[{"href":"https:\/\/www.hoteldolargo.pt\/fr\/wp-json\/wp\/v2\/media?parent=2004"}],"curies":[{"name":"wp","href":"https:\/\/api.w.org\/{rel}","templated":true}]}}