{"id":1982,"date":"2021-09-21T10:40:17","date_gmt":"2021-09-21T10:40:17","guid":{"rendered":"https:\/\/hoteldolargo.e-gdsbookingsuite.com\/?page_id=1982"},"modified":"2021-09-21T13:36:36","modified_gmt":"2021-09-21T13:36:36","slug":"politique-de-confidentialite","status":"publish","type":"page","link":"https:\/\/www.hoteldolargo.pt\/fr\/politique-de-confidentialite\/","title":{"rendered":"Politique de Confidentialit\u00e9"},"content":{"rendered":"\t\t<div data-elementor-type=\"wp-post\" data-elementor-id=\"1982\" class=\"elementor elementor-1982 elementor-561\" data-elementor-settings=\"[]\">\n\t\t\t\t\t\t\t<div class=\"elementor-section-wrap\">\n\t\t\t\t\t\t\t<section class=\"elementor-section elementor-top-section elementor-element elementor-element-7c6ff5bb elementor-section-full_width elementor-section-height-min-height elementor-section-height-default elementor-section-items-middle\" data-id=\"7c6ff5bb\" data-element_type=\"section\" data-settings=\"{&quot;background_background&quot;:&quot;classic&quot;}\">\n\t\t\t\t\t\t\t<div class=\"elementor-background-overlay\"><\/div>\n\t\t\t\t\t\t\t<div class=\"elementor-container elementor-column-gap-default\">\n\t\t\t\t\t<div class=\"elementor-column elementor-col-100 elementor-top-column elementor-element elementor-element-91f9f2b\" data-id=\"91f9f2b\" data-element_type=\"column\">\n\t\t\t<div class=\"elementor-widget-wrap elementor-element-populated\">\n\t\t\t\t\t\t\t\t<div class=\"elementor-element elementor-element-32575fce elementor-widget elementor-widget-spacer\" data-id=\"32575fce\" data-element_type=\"widget\" data-widget_type=\"spacer.default\">\n\t\t\t\t<div class=\"elementor-widget-container\">\n\t\t\t\t\t<div class=\"elementor-spacer\">\n\t\t\t<div class=\"elementor-spacer-inner\"><\/div>\n\t\t<\/div>\n\t\t\t\t<\/div>\n\t\t\t\t<\/div>\n\t\t\t\t<div class=\"elementor-element elementor-element-b83b3ee elementor-view-default elementor-position-top elementor-invisible elementor-widget elementor-widget-themo-header\" data-id=\"b83b3ee\" data-element_type=\"widget\" data-settings=\"{&quot;_animation&quot;:&quot;fadeIn&quot;}\" data-widget_type=\"themo-header.default\">\n\t\t\t\t<div class=\"elementor-widget-container\">\n\t\t\t\t\t<div class=\"th-header-wrap\">\n        <div class=\"elementor-icon-box-wrapper \">\n                            <div class=\"elementor-icon-box-content\">\n                    <h1 class=\"elementor-icon-box-title\">\n                        <span >Politique de Confidentialit\u00e9<\/span>\n                    <\/h1>\n                                        <p class=\"elementor-icon-box-description\"><\/p>\n\n                                    <\/div>\n            <\/div>\n\n        <\/div>\n\n\t\t\t\t<\/div>\n\t\t\t\t<\/div>\n\t\t\t\t\t<\/div>\n\t\t<\/div>\n\t\t\t\t\t\t\t<\/div>\n\t\t<\/section>\n\t\t\t\t<section class=\"elementor-section elementor-top-section elementor-element elementor-element-cd2cb7f elementor-section-boxed elementor-section-height-default elementor-section-height-default\" data-id=\"cd2cb7f\" data-element_type=\"section\" data-settings=\"{&quot;background_background&quot;:&quot;classic&quot;}\">\n\t\t\t\t\t\t<div class=\"elementor-container elementor-column-gap-default\">\n\t\t\t\t\t<div class=\"elementor-column elementor-col-100 elementor-top-column elementor-element elementor-element-77c6e91\" data-id=\"77c6e91\" data-element_type=\"column\">\n\t\t\t<div class=\"elementor-widget-wrap elementor-element-populated\">\n\t\t\t\t\t\t\t\t<div class=\"elementor-element elementor-element-b31ef5f elementor-widget elementor-widget-spacer\" data-id=\"b31ef5f\" data-element_type=\"widget\" data-widget_type=\"spacer.default\">\n\t\t\t\t<div class=\"elementor-widget-container\">\n\t\t\t\t\t<div class=\"elementor-spacer\">\n\t\t\t<div class=\"elementor-spacer-inner\"><\/div>\n\t\t<\/div>\n\t\t\t\t<\/div>\n\t\t\t\t<\/div>\n\t\t\t\t<div class=\"elementor-element elementor-element-3f25bd5 elementor-widget elementor-widget-text-editor\" data-id=\"3f25bd5\" data-element_type=\"widget\" data-widget_type=\"text-editor.default\">\n\t\t\t\t<div class=\"elementor-widget-container\">\n\t\t\t<style>\/*! elementor - v3.3.1 - 20-07-2021 *\/\n.elementor-widget-text-editor.elementor-drop-cap-view-stacked .elementor-drop-cap{background-color:#818a91;color:#fff}.elementor-widget-text-editor.elementor-drop-cap-view-framed .elementor-drop-cap{color:#818a91;border:3px solid;background-color:transparent}.elementor-widget-text-editor:not(.elementor-drop-cap-view-default) .elementor-drop-cap{margin-top:8px}.elementor-widget-text-editor:not(.elementor-drop-cap-view-default) .elementor-drop-cap-letter{width:1em;height:1em}.elementor-widget-text-editor .elementor-drop-cap{float:left;text-align:center;line-height:1;font-size:50px}.elementor-widget-text-editor .elementor-drop-cap-letter{display:inline-block}<\/style>\t\t\t\t\tKavia Hotel do Largo \u00e0 un engagement \u00e0 assurer un service de qualit\u00e9 \u00e0 tous les clients et les visiteurs du site, ainsi que les aspects li\u00e9s \u00e0 leur vie priv\u00e9e.<br>\n<br>\n<strong>Renseignements Personnels<\/strong><br>\nLes renseignements personnels sont demand\u00e9s, afin que vous pouvez acc\u00e9der \u00e1 Kavia Hotel do Largo, ainsi qu\u2019au moment de faire une r\u00e9servation. Notez que vos renseignements personnels ne seront utilis\u00e9s que pour effectuer la r\u00e9servation respective. Vos donn\u00e9es de contact sont \u00e9galement utilis\u00e9es dans notre base de donn\u00e9es pour envoyer des informations sur les promotions en vigueur dans notre Newsletter.<br>\n<br>\nVos donn\u00e9es ne seront pas transmises \u00e0 troisi\u00e8mes et seront utilis\u00e9es seulement par l&rsquo;Kavia Hotel do Largo. Si vous \u00eates d\u00e9j\u00e0 un client enregistr\u00e9 dans notre site, vous pouvez modifier vos donn\u00e9es personnelles quand vous le souhaitez, il suffit de se connecter avec votre nom d&rsquo;utilisateur et mot de passe.<br>\n<br>\n<strong>E-mail<\/strong><br>\nSi vous \u00eates abonn\u00e9 \u00e0 notre Newsletter, vous recevrez des informations de nos promotions par e-mail. Au cas o\u00f9 vous ne souhaitez plus recevoir de bulletins, vous pouvez retirer votre adresse de notre liste d&rsquo;envoi en cliquant sur le lien figurant au bas de chaque newsletter. Si vous \u00eates un client enregistr\u00e9, vous pouvez modifier vos donn\u00e9es personnelles \u00e0 tout moment, simplement en entrant votre nom d&rsquo;utilisateur et mot de passe.<br>\n<br>\n<strong>S\u00e9curit\u00e9<\/strong><br>\nPour assurer la s\u00e9curit\u00e9 de vos informations et la plus stricte confidentialit\u00e9, nous traitons l&rsquo;information que vous nous fournissez de fa\u00e7on strictement confidentielle, conform\u00e9ment \u00e0 notre politique et proc\u00e9dure de s\u00e9curit\u00e9 et de confidentialit\u00e9.\t\t\t\t\t\t<\/div>\n\t\t\t\t<\/div>\n\t\t\t\t<div class=\"elementor-element elementor-element-b83dc7d elementor-widget elementor-widget-spacer\" data-id=\"b83dc7d\" data-element_type=\"widget\" data-widget_type=\"spacer.default\">\n\t\t\t\t<div class=\"elementor-widget-container\">\n\t\t\t\t\t<div class=\"elementor-spacer\">\n\t\t\t<div class=\"elementor-spacer-inner\"><\/div>\n\t\t<\/div>\n\t\t\t\t<\/div>\n\t\t\t\t<\/div>\n\t\t\t\t\t<\/div>\n\t\t<\/div>\n\t\t\t\t\t\t\t<\/div>\n\t\t<\/section>\n\t\t\t\t\t\t<\/div>\n\t\t\t\t\t<\/div>\n\t\t","protected":false},"excerpt":{"rendered":"<p>Politique de Confidentialit\u00e9 Kavia Hotel do Largo \u00e0 un engagement \u00e0 assurer un service de qualit\u00e9 \u00e0 tous les clients et les visiteurs du site, ainsi que les aspects li\u00e9s \u00e0 leur vie priv\u00e9e. Renseignements Personnels Les renseignements personnels sont &hellip; <a href=\"https:\/\/www.hoteldolargo.pt\/fr\/politique-de-confidentialite\/\">Read More<\/a><\/p>\n","protected":false},"author":1,"featured_media":0,"parent":0,"menu_order":16,"comment_status":"closed","ping_status":"closed","template":"","meta":[],"aioseo_notices":[],"_links":{"self":[{"href":"https:\/\/www.hoteldolargo.pt\/fr\/wp-json\/wp\/v2\/pages\/1982"}],"collection":[{"href":"https:\/\/www.hoteldolargo.pt\/fr\/wp-json\/wp\/v2\/pages"}],"about":[{"href":"https:\/\/www.hoteldolargo.pt\/fr\/wp-json\/wp\/v2\/types\/page"}],"author":[{"embeddable":true,"href":"https:\/\/www.hoteldolargo.pt\/fr\/wp-json\/wp\/v2\/users\/1"}],"replies":[{"embeddable":true,"href":"https:\/\/www.hoteldolargo.pt\/fr\/wp-json\/wp\/v2\/comments?post=1982"}],"version-history":[{"count":5,"href":"https:\/\/www.hoteldolargo.pt\/fr\/wp-json\/wp\/v2\/pages\/1982\/revisions"}],"predecessor-version":[{"id":2016,"href":"https:\/\/www.hoteldolargo.pt\/fr\/wp-json\/wp\/v2\/pages\/1982\/revisions\/2016"}],"wp:attachment":[{"href":"https:\/\/www.hoteldolargo.pt\/fr\/wp-json\/wp\/v2\/media?parent=1982"}],"curies":[{"name":"wp","href":"https:\/\/api.w.org\/{rel}","templated":true}]}}