{"id":2796,"date":"2024-09-23T15:41:11","date_gmt":"2024-09-23T15:41:11","guid":{"rendered":"https:\/\/www.hoteldolargo.pt\/?page_id=2796"},"modified":"2024-09-23T15:41:36","modified_gmt":"2024-09-23T15:41:36","slug":"resolucion-de-conflicto-alternativa","status":"publish","type":"page","link":"https:\/\/www.hoteldolargo.pt\/es\/resolucion-de-conflicto-alternativa\/","title":{"rendered":"Resoluci\u00f3n de Conflicto Alternativa"},"content":{"rendered":"\t\t<div data-elementor-type=\"wp-post\" data-elementor-id=\"2796\" class=\"elementor elementor-2796 elementor-2780\" data-elementor-settings=\"[]\">\n\t\t\t\t\t\t\t<div class=\"elementor-section-wrap\">\n\t\t\t\t\t\t\t<section class=\"elementor-section elementor-top-section elementor-element elementor-element-7c6ff5bb elementor-section-full_width elementor-section-height-min-height elementor-section-height-default elementor-section-items-middle\" data-id=\"7c6ff5bb\" data-element_type=\"section\" data-settings=\"{&quot;background_background&quot;:&quot;classic&quot;}\">\n\t\t\t\t\t\t\t<div class=\"elementor-background-overlay\"><\/div>\n\t\t\t\t\t\t\t<div class=\"elementor-container elementor-column-gap-default\">\n\t\t\t\t\t<div class=\"elementor-column elementor-col-100 elementor-top-column elementor-element elementor-element-91f9f2b\" data-id=\"91f9f2b\" data-element_type=\"column\">\n\t\t\t<div class=\"elementor-widget-wrap elementor-element-populated\">\n\t\t\t\t\t\t\t\t<div class=\"elementor-element elementor-element-32575fce elementor-widget elementor-widget-spacer\" data-id=\"32575fce\" data-element_type=\"widget\" data-widget_type=\"spacer.default\">\n\t\t\t\t<div class=\"elementor-widget-container\">\n\t\t\t\t\t<div class=\"elementor-spacer\">\n\t\t\t<div class=\"elementor-spacer-inner\"><\/div>\n\t\t<\/div>\n\t\t\t\t<\/div>\n\t\t\t\t<\/div>\n\t\t\t\t<div class=\"elementor-element elementor-element-b83b3ee elementor-view-default elementor-position-top elementor-invisible elementor-widget elementor-widget-themo-header\" data-id=\"b83b3ee\" data-element_type=\"widget\" data-settings=\"{&quot;_animation&quot;:&quot;fadeIn&quot;}\" data-widget_type=\"themo-header.default\">\n\t\t\t\t<div class=\"elementor-widget-container\">\n\t\t\t\t\t<div class=\"th-header-wrap\">\n        <div class=\"elementor-icon-box-wrapper \">\n                            <div class=\"elementor-icon-box-content\">\n                    <h1 class=\"elementor-icon-box-title\">\n                        <span >Resoluci\u00f3n de Conflicto Alternativa<\/span>\n                    <\/h1>\n                                        <p class=\"elementor-icon-box-description\"><\/p>\n\n                                    <\/div>\n            <\/div>\n\n        <\/div>\n\n\t\t\t\t<\/div>\n\t\t\t\t<\/div>\n\t\t\t\t\t<\/div>\n\t\t<\/div>\n\t\t\t\t\t\t\t<\/div>\n\t\t<\/section>\n\t\t\t\t<section class=\"elementor-section elementor-top-section elementor-element elementor-element-cd2cb7f elementor-section-boxed elementor-section-height-default elementor-section-height-default\" data-id=\"cd2cb7f\" data-element_type=\"section\" data-settings=\"{&quot;background_background&quot;:&quot;classic&quot;}\">\n\t\t\t\t\t\t<div class=\"elementor-container elementor-column-gap-default\">\n\t\t\t\t\t<div class=\"elementor-column elementor-col-100 elementor-top-column elementor-element elementor-element-77c6e91\" data-id=\"77c6e91\" data-element_type=\"column\">\n\t\t\t<div class=\"elementor-widget-wrap elementor-element-populated\">\n\t\t\t\t\t\t\t\t<div class=\"elementor-element elementor-element-b31ef5f elementor-widget elementor-widget-spacer\" data-id=\"b31ef5f\" data-element_type=\"widget\" data-widget_type=\"spacer.default\">\n\t\t\t\t<div class=\"elementor-widget-container\">\n\t\t\t\t\t<div class=\"elementor-spacer\">\n\t\t\t<div class=\"elementor-spacer-inner\"><\/div>\n\t\t<\/div>\n\t\t\t\t<\/div>\n\t\t\t\t<\/div>\n\t\t\t\t<div class=\"elementor-element elementor-element-3f25bd5 elementor-widget elementor-widget-text-editor\" data-id=\"3f25bd5\" data-element_type=\"widget\" data-widget_type=\"text-editor.default\">\n\t\t\t\t<div class=\"elementor-widget-container\">\n\t\t\t<style>\/*! elementor - v3.3.1 - 20-07-2021 *\/\n.elementor-widget-text-editor.elementor-drop-cap-view-stacked .elementor-drop-cap{background-color:#818a91;color:#fff}.elementor-widget-text-editor.elementor-drop-cap-view-framed .elementor-drop-cap{color:#818a91;border:3px solid;background-color:transparent}.elementor-widget-text-editor:not(.elementor-drop-cap-view-default) .elementor-drop-cap{margin-top:8px}.elementor-widget-text-editor:not(.elementor-drop-cap-view-default) .elementor-drop-cap-letter{width:1em;height:1em}.elementor-widget-text-editor .elementor-drop-cap{float:left;text-align:center;line-height:1;font-size:50px}.elementor-widget-text-editor .elementor-drop-cap-letter{display:inline-block}<\/style>\t\t\t\t\t<p>El consumidor podr\u00e1 acudir a alguna de las entidades de Resoluci\u00f3n Alternativa de Controversias cuyo nombre, datos de contacto y direcci\u00f3n web aparecen en el listado de entidades radicadas ante la Direcci\u00f3n del Consumidor.<br \/><br \/>Para m\u00e1s informaci\u00f3n visite el Portal del Consumidor:\u00a0<a href=\"https:\/\/www.consumidor.gov.pt\/\" target=\"_blank\" rel=\"noopener\">www.consumidor.pt<\/a>.<\/p>\t\t\t\t\t\t<\/div>\n\t\t\t\t<\/div>\n\t\t\t\t<div class=\"elementor-element elementor-element-591c2da elementor-widget elementor-widget-spacer\" data-id=\"591c2da\" data-element_type=\"widget\" data-widget_type=\"spacer.default\">\n\t\t\t\t<div class=\"elementor-widget-container\">\n\t\t\t\t\t<div class=\"elementor-spacer\">\n\t\t\t<div class=\"elementor-spacer-inner\"><\/div>\n\t\t<\/div>\n\t\t\t\t<\/div>\n\t\t\t\t<\/div>\n\t\t\t\t\t<\/div>\n\t\t<\/div>\n\t\t\t\t\t\t\t<\/div>\n\t\t<\/section>\n\t\t\t\t\t\t<\/div>\n\t\t\t\t\t<\/div>\n\t\t","protected":false},"excerpt":{"rendered":"<p>Resoluci\u00f3n de Conflicto Alternativa El consumidor podr\u00e1 acudir a alguna de las entidades de Resoluci\u00f3n Alternativa de Controversias cuyo nombre, datos de contacto y direcci\u00f3n web aparecen en el listado de entidades radicadas ante la Direcci\u00f3n del Consumidor. Para m\u00e1s &hellip; <a href=\"https:\/\/www.hoteldolargo.pt\/es\/resolucion-de-conflicto-alternativa\/\">Read More<\/a><\/p>\n","protected":false},"author":1,"featured_media":0,"parent":0,"menu_order":16,"comment_status":"closed","ping_status":"closed","template":"","meta":[],"aioseo_notices":[],"_links":{"self":[{"href":"https:\/\/www.hoteldolargo.pt\/es\/wp-json\/wp\/v2\/pages\/2796"}],"collection":[{"href":"https:\/\/www.hoteldolargo.pt\/es\/wp-json\/wp\/v2\/pages"}],"about":[{"href":"https:\/\/www.hoteldolargo.pt\/es\/wp-json\/wp\/v2\/types\/page"}],"author":[{"embeddable":true,"href":"https:\/\/www.hoteldolargo.pt\/es\/wp-json\/wp\/v2\/users\/1"}],"replies":[{"embeddable":true,"href":"https:\/\/www.hoteldolargo.pt\/es\/wp-json\/wp\/v2\/comments?post=2796"}],"version-history":[{"count":4,"href":"https:\/\/www.hoteldolargo.pt\/es\/wp-json\/wp\/v2\/pages\/2796\/revisions"}],"predecessor-version":[{"id":2800,"href":"https:\/\/www.hoteldolargo.pt\/es\/wp-json\/wp\/v2\/pages\/2796\/revisions\/2800"}],"wp:attachment":[{"href":"https:\/\/www.hoteldolargo.pt\/es\/wp-json\/wp\/v2\/media?parent=2796"}],"curies":[{"name":"wp","href":"https:\/\/api.w.org\/{rel}","templated":true}]}}