{"id":1992,"date":"2021-09-21T10:47:08","date_gmt":"2021-09-21T10:47:08","guid":{"rendered":"https:\/\/hoteldolargo.e-gdsbookingsuite.com\/?page_id=1992"},"modified":"2021-09-21T14:33:43","modified_gmt":"2021-09-21T14:33:43","slug":"politica-de-privacidad","status":"publish","type":"page","link":"https:\/\/www.hoteldolargo.pt\/es\/politica-de-privacidad\/","title":{"rendered":"Pol\u00edtica de Privacidad"},"content":{"rendered":"\t\t<div data-elementor-type=\"wp-post\" data-elementor-id=\"1992\" class=\"elementor elementor-1992 elementor-561\" data-elementor-settings=\"[]\">\n\t\t\t\t\t\t\t<div class=\"elementor-section-wrap\">\n\t\t\t\t\t\t\t<section class=\"elementor-section elementor-top-section elementor-element elementor-element-7c6ff5bb elementor-section-full_width elementor-section-height-min-height elementor-section-height-default elementor-section-items-middle\" data-id=\"7c6ff5bb\" data-element_type=\"section\" data-settings=\"{&quot;background_background&quot;:&quot;classic&quot;}\">\n\t\t\t\t\t\t\t<div class=\"elementor-background-overlay\"><\/div>\n\t\t\t\t\t\t\t<div class=\"elementor-container elementor-column-gap-default\">\n\t\t\t\t\t<div class=\"elementor-column elementor-col-100 elementor-top-column elementor-element elementor-element-91f9f2b\" data-id=\"91f9f2b\" data-element_type=\"column\">\n\t\t\t<div class=\"elementor-widget-wrap elementor-element-populated\">\n\t\t\t\t\t\t\t\t<div class=\"elementor-element elementor-element-32575fce elementor-widget elementor-widget-spacer\" data-id=\"32575fce\" data-element_type=\"widget\" data-widget_type=\"spacer.default\">\n\t\t\t\t<div class=\"elementor-widget-container\">\n\t\t\t\t\t<div class=\"elementor-spacer\">\n\t\t\t<div class=\"elementor-spacer-inner\"><\/div>\n\t\t<\/div>\n\t\t\t\t<\/div>\n\t\t\t\t<\/div>\n\t\t\t\t<div class=\"elementor-element elementor-element-b83b3ee elementor-view-default elementor-position-top elementor-invisible elementor-widget elementor-widget-themo-header\" data-id=\"b83b3ee\" data-element_type=\"widget\" data-settings=\"{&quot;_animation&quot;:&quot;fadeIn&quot;}\" data-widget_type=\"themo-header.default\">\n\t\t\t\t<div class=\"elementor-widget-container\">\n\t\t\t\t\t<div class=\"th-header-wrap\">\n        <div class=\"elementor-icon-box-wrapper \">\n                            <div class=\"elementor-icon-box-content\">\n                    <h1 class=\"elementor-icon-box-title\">\n                        <span >Pol\u00edtica de Privacidad<\/span>\n                    <\/h1>\n                                        <p class=\"elementor-icon-box-description\"><\/p>\n\n                                    <\/div>\n            <\/div>\n\n        <\/div>\n\n\t\t\t\t<\/div>\n\t\t\t\t<\/div>\n\t\t\t\t\t<\/div>\n\t\t<\/div>\n\t\t\t\t\t\t\t<\/div>\n\t\t<\/section>\n\t\t\t\t<section class=\"elementor-section elementor-top-section elementor-element elementor-element-cd2cb7f elementor-section-boxed elementor-section-height-default elementor-section-height-default\" data-id=\"cd2cb7f\" data-element_type=\"section\" data-settings=\"{&quot;background_background&quot;:&quot;classic&quot;}\">\n\t\t\t\t\t\t<div class=\"elementor-container elementor-column-gap-default\">\n\t\t\t\t\t<div class=\"elementor-column elementor-col-100 elementor-top-column elementor-element elementor-element-77c6e91\" data-id=\"77c6e91\" data-element_type=\"column\">\n\t\t\t<div class=\"elementor-widget-wrap elementor-element-populated\">\n\t\t\t\t\t\t\t\t<div class=\"elementor-element elementor-element-b31ef5f elementor-widget elementor-widget-spacer\" data-id=\"b31ef5f\" data-element_type=\"widget\" data-widget_type=\"spacer.default\">\n\t\t\t\t<div class=\"elementor-widget-container\">\n\t\t\t\t\t<div class=\"elementor-spacer\">\n\t\t\t<div class=\"elementor-spacer-inner\"><\/div>\n\t\t<\/div>\n\t\t\t\t<\/div>\n\t\t\t\t<\/div>\n\t\t\t\t<div class=\"elementor-element elementor-element-3f25bd5 elementor-widget elementor-widget-text-editor\" data-id=\"3f25bd5\" data-element_type=\"widget\" data-widget_type=\"text-editor.default\">\n\t\t\t\t<div class=\"elementor-widget-container\">\n\t\t\t<style>\/*! elementor - v3.3.1 - 20-07-2021 *\/\n.elementor-widget-text-editor.elementor-drop-cap-view-stacked .elementor-drop-cap{background-color:#818a91;color:#fff}.elementor-widget-text-editor.elementor-drop-cap-view-framed .elementor-drop-cap{color:#818a91;border:3px solid;background-color:transparent}.elementor-widget-text-editor:not(.elementor-drop-cap-view-default) .elementor-drop-cap{margin-top:8px}.elementor-widget-text-editor:not(.elementor-drop-cap-view-default) .elementor-drop-cap-letter{width:1em;height:1em}.elementor-widget-text-editor .elementor-drop-cap{float:left;text-align:center;line-height:1;font-size:50px}.elementor-widget-text-editor .elementor-drop-cap-letter{display:inline-block}<\/style>\t\t\t\t\tKavia Hotel do Largo se ha comprometido a garantizar un servicio de calidad a todos los clientes y los visitantes del sitio, as\u00ed como con aspectos relacionados con su privacidad.<br><br>\n\n<strong>Informaci\u00f3n Personal<\/strong><br>\nLa informaci\u00f3n personal es solicitada, para que pueda acceder a Kavia Hotel do Largo, as\u00ed como en el momento de hacer una reserva. Tenga en cuenta que su informaci\u00f3n personal ser\u00e1 utilizada \u00fanicamente para hacer la reserva correspondiente. Sus datos de contacto tambi\u00e9n se utilizan en nuestra base de datos para el env\u00edo de informaci\u00f3n sobre las promociones vigentes en nuestra Newsletter.<br>\n<br>\nSus datos no ser\u00e1n transmitidos a terceros y es s\u00f3lo para uso exclusivo interno de&nbsp;Kavia Hotel do Largo. Si ya es cliente registrado en nuestro sitio, usted puede cambiar sus datos personales siempre que lo desee, solo al inicio de sesi\u00f3n con su nombre de usuario y contrase\u00f1a.<br><br>\n<strong>E-mail<\/strong><br>\nSi se suscribe a nuestro bolet\u00edn de noticias del sitio, usted recibir\u00e1 informaci\u00f3n por correo electr\u00f3nico sobre las promociones y eventos. En caso de que usted no desee recibir m\u00e1s boletines de noticias, usted puede eliminar su direcci\u00f3n de nuestra lista de correo haciendo clic en el enlace que se muestra en la parte inferior de cada bolet\u00edn. Si usted es un cliente registrado podr\u00e1 modificar sus datos personales en cualquier momento, simplemente introduciendo su nombre de usuario y contrase\u00f1a.<br><br>\n\n<strong>Seguridad<\/strong><br>\nPara garantizar la seguridad de su informaci\u00f3n y una estricta confidencialidad, los datos que usted nos proporcione ser\u00e1n tratados de forma estrictamente confidencial de acuerdo con nuestra pol\u00edtica de seguridad y confidencialidad.\t\t\t\t\t\t<\/div>\n\t\t\t\t<\/div>\n\t\t\t\t<div class=\"elementor-element elementor-element-b83dc7d elementor-widget elementor-widget-spacer\" data-id=\"b83dc7d\" data-element_type=\"widget\" data-widget_type=\"spacer.default\">\n\t\t\t\t<div class=\"elementor-widget-container\">\n\t\t\t\t\t<div class=\"elementor-spacer\">\n\t\t\t<div class=\"elementor-spacer-inner\"><\/div>\n\t\t<\/div>\n\t\t\t\t<\/div>\n\t\t\t\t<\/div>\n\t\t\t\t\t<\/div>\n\t\t<\/div>\n\t\t\t\t\t\t\t<\/div>\n\t\t<\/section>\n\t\t\t\t\t\t<\/div>\n\t\t\t\t\t<\/div>\n\t\t","protected":false},"excerpt":{"rendered":"<p>Pol\u00edtica de Privacidad Kavia Hotel do Largo se ha comprometido a garantizar un servicio de calidad a todos los clientes y los visitantes del sitio, as\u00ed como con aspectos relacionados con su privacidad. Informaci\u00f3n Personal La informaci\u00f3n personal es solicitada, &hellip; <a href=\"https:\/\/www.hoteldolargo.pt\/es\/politica-de-privacidad\/\">Read More<\/a><\/p>\n","protected":false},"author":1,"featured_media":0,"parent":0,"menu_order":16,"comment_status":"closed","ping_status":"closed","template":"","meta":[],"aioseo_notices":[],"_links":{"self":[{"href":"https:\/\/www.hoteldolargo.pt\/es\/wp-json\/wp\/v2\/pages\/1992"}],"collection":[{"href":"https:\/\/www.hoteldolargo.pt\/es\/wp-json\/wp\/v2\/pages"}],"about":[{"href":"https:\/\/www.hoteldolargo.pt\/es\/wp-json\/wp\/v2\/types\/page"}],"author":[{"embeddable":true,"href":"https:\/\/www.hoteldolargo.pt\/es\/wp-json\/wp\/v2\/users\/1"}],"replies":[{"embeddable":true,"href":"https:\/\/www.hoteldolargo.pt\/es\/wp-json\/wp\/v2\/comments?post=1992"}],"version-history":[{"count":5,"href":"https:\/\/www.hoteldolargo.pt\/es\/wp-json\/wp\/v2\/pages\/1992\/revisions"}],"predecessor-version":[{"id":2097,"href":"https:\/\/www.hoteldolargo.pt\/es\/wp-json\/wp\/v2\/pages\/1992\/revisions\/2097"}],"wp:attachment":[{"href":"https:\/\/www.hoteldolargo.pt\/es\/wp-json\/wp\/v2\/media?parent=1992"}],"curies":[{"name":"wp","href":"https:\/\/api.w.org\/{rel}","templated":true}]}}