{"id":1963,"date":"2021-09-21T10:13:13","date_gmt":"2021-09-21T10:13:13","guid":{"rendered":"https:\/\/hoteldolargo.e-gdsbookingsuite.com\/?page_id=1963"},"modified":"2021-09-21T14:33:25","modified_gmt":"2021-09-21T14:33:25","slug":"habitaciones","status":"publish","type":"page","link":"https:\/\/www.hoteldolargo.pt\/es\/habitaciones\/","title":{"rendered":"Habitaci\u00f3nes"},"content":{"rendered":"\t\t<div data-elementor-type=\"wp-post\" data-elementor-id=\"1963\" class=\"elementor elementor-1963 elementor-48\" data-elementor-settings=\"[]\">\n\t\t\t\t\t\t\t<div class=\"elementor-section-wrap\">\n\t\t\t\t\t\t\t<section class=\"elementor-section elementor-top-section elementor-element elementor-element-3abe1d47 elementor-section-full_width elementor-section-height-min-height elementor-section-height-default elementor-section-items-middle\" data-id=\"3abe1d47\" data-element_type=\"section\" data-settings=\"{&quot;background_background&quot;:&quot;classic&quot;}\">\n\t\t\t\t\t\t\t<div class=\"elementor-background-overlay\"><\/div>\n\t\t\t\t\t\t\t<div class=\"elementor-container elementor-column-gap-default\">\n\t\t\t\t\t<div class=\"elementor-column elementor-col-100 elementor-top-column elementor-element elementor-element-1cd780e3\" data-id=\"1cd780e3\" data-element_type=\"column\">\n\t\t\t<div class=\"elementor-widget-wrap elementor-element-populated\">\n\t\t\t\t\t\t\t\t<div class=\"elementor-element elementor-element-367392ab elementor-widget elementor-widget-spacer\" data-id=\"367392ab\" data-element_type=\"widget\" data-widget_type=\"spacer.default\">\n\t\t\t\t<div class=\"elementor-widget-container\">\n\t\t\t\t\t<div class=\"elementor-spacer\">\n\t\t\t<div class=\"elementor-spacer-inner\"><\/div>\n\t\t<\/div>\n\t\t\t\t<\/div>\n\t\t\t\t<\/div>\n\t\t\t\t<div class=\"elementor-element elementor-element-2745faf1 elementor-view-default elementor-position-top elementor-invisible elementor-widget elementor-widget-themo-header\" data-id=\"2745faf1\" data-element_type=\"widget\" data-settings=\"{&quot;_animation&quot;:&quot;fadeIn&quot;}\" data-widget_type=\"themo-header.default\">\n\t\t\t\t<div class=\"elementor-widget-container\">\n\t\t\t\t\t<div class=\"th-header-wrap\">\n        <div class=\"elementor-icon-box-wrapper \">\n                            <div class=\"elementor-icon-box-content\">\n                    <h1 class=\"elementor-icon-box-title\">\n                        <span >Habit\u00e1ciones<\/span>\n                    <\/h1>\n                                        <p class=\"elementor-icon-box-description\">Nuestras habitaciones fueron dise\u00f1adas para combinar el confort con la est\u00e9tica, ofreciendo as\u00ed un descanso lleno de refinamiento.<\/p>\n\n                                    <\/div>\n            <\/div>\n\n        <\/div>\n\n\t\t\t\t<\/div>\n\t\t\t\t<\/div>\n\t\t\t\t\t<\/div>\n\t\t<\/div>\n\t\t\t\t\t\t\t<\/div>\n\t\t<\/section>\n\t\t\t\t<section class=\"elementor-section elementor-top-section elementor-element elementor-element-4d8255d9 elementor-section-boxed elementor-section-height-default elementor-section-height-default\" data-id=\"4d8255d9\" data-element_type=\"section\" data-settings=\"{&quot;background_background&quot;:&quot;classic&quot;}\">\n\t\t\t\t\t\t<div class=\"elementor-container elementor-column-gap-default\">\n\t\t\t\t\t<div class=\"elementor-column elementor-col-100 elementor-top-column elementor-element elementor-element-606d91cb\" data-id=\"606d91cb\" data-element_type=\"column\">\n\t\t\t<div class=\"elementor-widget-wrap elementor-element-populated\">\n\t\t\t\t\t\t\t\t<div class=\"elementor-element elementor-element-22c61ed4 elementor-widget elementor-widget-spacer\" data-id=\"22c61ed4\" data-element_type=\"widget\" data-widget_type=\"spacer.default\">\n\t\t\t\t<div class=\"elementor-widget-container\">\n\t\t\t\t\t<div class=\"elementor-spacer\">\n\t\t\t<div class=\"elementor-spacer-inner\"><\/div>\n\t\t<\/div>\n\t\t\t\t<\/div>\n\t\t\t\t<\/div>\n\t\t\t\t<div class=\"elementor-element elementor-element-6dd8edcd elementor-view-default elementor-position-top elementor-widget elementor-widget-themo-header\" data-id=\"6dd8edcd\" data-element_type=\"widget\" data-widget_type=\"themo-header.default\">\n\t\t\t\t<div class=\"elementor-widget-container\">\n\t\t\t\t\t<div class=\"th-header-wrap\">\n        <div class=\"elementor-icon-box-wrapper \">\n                            <div class=\"elementor-icon-box-content\">\n                    <h2 class=\"elementor-icon-box-title\">\n                        <span >Habit\u00e1ciones<\/span>\n                    <\/h2>\n                                            <span class=\"th-header-divider\"><\/span>\n                                        <p class=\"elementor-icon-box-description\">Aqu\u00ed puede encontrar nuestra amplia gama de opciones, explore para encontrar la mejor opci\u00f3n para usted.<\/p>\n\n                                    <\/div>\n            <\/div>\n\n        <\/div>\n\n\t\t\t\t<\/div>\n\t\t\t\t<\/div>\n\t\t\t\t<div class=\"elementor-element elementor-element-0a7dfb6 elementor-widget elementor-widget-spacer\" data-id=\"0a7dfb6\" data-element_type=\"widget\" data-widget_type=\"spacer.default\">\n\t\t\t\t<div class=\"elementor-widget-container\">\n\t\t\t\t\t<div class=\"elementor-spacer\">\n\t\t\t<div class=\"elementor-spacer-inner\"><\/div>\n\t\t<\/div>\n\t\t\t\t<\/div>\n\t\t\t\t<\/div>\n\t\t\t\t<div class=\"elementor-element elementor-element-02d0e4b elementor-widget elementor-widget-themo-accommodation-grid\" data-id=\"02d0e4b\" data-element_type=\"widget\" data-widget_type=\"themo-accommodation-grid.default\">\n\t\t\t\t<div class=\"elementor-widget-container\">\n\t\t\t\n                <div id=\"th-portfolio-content-69deebd1d299a\" class=\"th-portfolio\">\n\n            \n            <div id=\"th-portfolio-row\" class=\"th-portfolio-row row portfolio_content  three-columns th-port-gutter th-port-style-2 display-flex\">\n\n                                        <div id=\"post-2458\" class=\"th-portfolio-item item col-md-4 col-sm-6 post-2458 mphb_room_type type-mphb_room_type status-publish format-standard has-post-thumbnail hentry mphb-room-type-adults-1 mphb-room-type-children-0\">\n\n                                                        <div class=\"th-port-card th-port-card-default\">\n                                <a href=\"https:\/\/www.hoteldolargo.pt\/es\/accommodation\/single\/\" class=\"th-port-card-link\" >                                <span class=\"th-port-card-img\">\n                                                            <img width=\"605\" height=\"605\" src=\"https:\/\/www.hoteldolargo.pt\/wp-content\/uploads\/2023\/05\/Single-Varanda-605x605.jpeg\" class=\"img-responsive th-port-img wp-post-image\" alt=\"\" loading=\"lazy\" \/>                                                                                                        <\/span>\n                                    <span class=\"th-port-card-body\">\n                                      <h3 class=\"th-port-title\">Single<\/h3>\n                                      <p class=\"th-port-sub th-auto-off\">Single Single Habitaci\u00f3n&hellip;<\/p>\n                                    <\/span>\n                                    <\/a>\n                                <\/div>\n\n                                                        <\/div>\n                                                <div id=\"post-2263\" class=\"th-portfolio-item item col-md-4 col-sm-6 post-2263 mphb_room_type type-mphb_room_type status-publish format-standard has-post-thumbnail hentry mphb-room-type-adults-1 mphb-room-type-children-0\">\n\n                                                        <div class=\"th-port-card th-port-card-default\">\n                                <a href=\"https:\/\/www.hoteldolargo.pt\/es\/accommodation\/doble-adaptada-con-terraza\/\" class=\"th-port-card-link\" >                                <span class=\"th-port-card-img\">\n                                                            <img width=\"394\" height=\"394\" src=\"https:\/\/www.hoteldolargo.pt\/wp-content\/uploads\/2022\/09\/featured-duplo-adaptado-terraco-394x394.jpg\" class=\"img-responsive th-port-img wp-post-image\" alt=\"\" loading=\"lazy\" \/>                                                                                                        <\/span>\n                                    <span class=\"th-port-card-body\">\n                                      <h3 class=\"th-port-title\">Doble adaptada con terraza<\/h3>\n                                      <p class=\"th-port-sub th-auto-off\">Doble adaptada con&hellip;<\/p>\n                                    <\/span>\n                                    <\/a>\n                                <\/div>\n\n                                                        <\/div>\n                                                <div id=\"post-2083\" class=\"th-portfolio-item item col-md-4 col-sm-6 post-2083 mphb_room_type type-mphb_room_type status-publish format-standard has-post-thumbnail hentry mphb-room-type-adults-1 mphb-room-type-children-0\">\n\n                                                        <div class=\"th-port-card th-port-card-default\">\n                                <a href=\"https:\/\/www.hoteldolargo.pt\/es\/accommodation\/suite-con-balcon-y-banera-con-vista-al-mar\/\" class=\"th-port-card-link\" >                                <span class=\"th-port-card-img\">\n                                                            <img width=\"394\" height=\"394\" src=\"https:\/\/www.hoteldolargo.pt\/wp-content\/uploads\/2021\/09\/featured-suite-varanda-banheira-vista-mar-394x394.jpg\" class=\"img-responsive th-port-img wp-post-image\" alt=\"\" loading=\"lazy\" \/>                                                                                                        <\/span>\n                                    <span class=\"th-port-card-body\">\n                                      <h3 class=\"th-port-title\">Suite con balc\u00f3n y ba\u00f1era con vista al mar<\/h3>\n                                      <p class=\"th-port-sub th-auto-off\">Suite con balc\u00f3n&hellip;<\/p>\n                                    <\/span>\n                                    <\/a>\n                                <\/div>\n\n                                                        <\/div>\n                                                <div id=\"post-2079\" class=\"th-portfolio-item item col-md-4 col-sm-6 post-2079 mphb_room_type type-mphb_room_type status-publish format-standard has-post-thumbnail hentry mphb-room-type-adults-1 mphb-room-type-children-0\">\n\n                                                        <div class=\"th-port-card th-port-card-default\">\n                                <a href=\"https:\/\/www.hoteldolargo.pt\/es\/accommodation\/habitacion-twin-con-terraza\/\" class=\"th-port-card-link\" >                                <span class=\"th-port-card-img\">\n                                                            <img width=\"394\" height=\"394\" src=\"https:\/\/www.hoteldolargo.pt\/wp-content\/uploads\/2021\/09\/featured-twin-terraco-394x394.jpg\" class=\"img-responsive th-port-img wp-post-image\" alt=\"\" loading=\"lazy\" \/>                                                                                                        <\/span>\n                                    <span class=\"th-port-card-body\">\n                                      <h3 class=\"th-port-title\">Habitaci\u00f3n doble con terraza<\/h3>\n                                      <p class=\"th-port-sub th-auto-off\">Habitaci\u00f3n doble con&hellip;<\/p>\n                                    <\/span>\n                                    <\/a>\n                                <\/div>\n\n                                                        <\/div>\n                                                <div id=\"post-2069\" class=\"th-portfolio-item item col-md-4 col-sm-6 post-2069 mphb_room_type type-mphb_room_type status-publish format-standard has-post-thumbnail hentry mphb-room-type-adults-1 mphb-room-type-children-0\">\n\n                                                        <div class=\"th-port-card th-port-card-default\">\n                                <a href=\"https:\/\/www.hoteldolargo.pt\/es\/accommodation\/habitacion-doble-con-terraza\/\" class=\"th-port-card-link\" >                                <span class=\"th-port-card-img\">\n                                                            <img width=\"394\" height=\"394\" src=\"https:\/\/www.hoteldolargo.pt\/wp-content\/uploads\/2021\/09\/featured-duplo-terraco-394x394.jpg\" class=\"img-responsive th-port-img wp-post-image\" alt=\"\" loading=\"lazy\" \/>                                                                                                        <\/span>\n                                    <span class=\"th-port-card-body\">\n                                      <h3 class=\"th-port-title\">Habitaci\u00f3n doble con terraza<\/h3>\n                                      <p class=\"th-port-sub th-auto-off\">Habitaci\u00f3n doble con&hellip;<\/p>\n                                    <\/span>\n                                    <\/a>\n                                <\/div>\n\n                                                        <\/div>\n                                                <div id=\"post-2062\" class=\"th-portfolio-item item col-md-4 col-sm-6 post-2062 mphb_room_type type-mphb_room_type status-publish format-standard has-post-thumbnail hentry mphb-room-type-adults-1 mphb-room-type-children-0\">\n\n                                                        <div class=\"th-port-card th-port-card-default\">\n                                <a href=\"https:\/\/www.hoteldolargo.pt\/es\/accommodation\/habitacion-doble\/\" class=\"th-port-card-link\" >                                <span class=\"th-port-card-img\">\n                                                            <img width=\"394\" height=\"394\" src=\"https:\/\/www.hoteldolargo.pt\/wp-content\/uploads\/2021\/09\/featured-duplo-394x394.jpg\" class=\"img-responsive th-port-img wp-post-image\" alt=\"\" loading=\"lazy\" \/>                                                                                                        <\/span>\n                                    <span class=\"th-port-card-body\">\n                                      <h3 class=\"th-port-title\">Habitaci\u00f3n Doble<\/h3>\n                                      <p class=\"th-port-sub th-auto-off\">Habitaci\u00f3n Doble Habitaci\u00f3n&hellip;<\/p>\n                                    <\/span>\n                                    <\/a>\n                                <\/div>\n\n                                                        <\/div>\n                                                <div id=\"post-2058\" class=\"th-portfolio-item item col-md-4 col-sm-6 post-2058 mphb_room_type type-mphb_room_type status-publish format-standard has-post-thumbnail hentry mphb-room-type-adults-1 mphb-room-type-children-0\">\n\n                                                        <div class=\"th-port-card th-port-card-default\">\n                                <a href=\"https:\/\/www.hoteldolargo.pt\/es\/accommodation\/habitacion-twin\/\" class=\"th-port-card-link\" >                                <span class=\"th-port-card-img\">\n                                                            <img width=\"394\" height=\"394\" src=\"https:\/\/www.hoteldolargo.pt\/wp-content\/uploads\/2021\/09\/featured-twin-394x394.jpg\" class=\"img-responsive th-port-img wp-post-image\" alt=\"\" loading=\"lazy\" \/>                                                                                                        <\/span>\n                                    <span class=\"th-port-card-body\">\n                                      <h3 class=\"th-port-title\">Habitaci\u00f3n Twin<\/h3>\n                                      <p class=\"th-port-sub th-auto-off\">Twin Habitaci\u00f3n Twin&hellip;<\/p>\n                                    <\/span>\n                                    <\/a>\n                                <\/div>\n\n                                                        <\/div>\n                        \n            <\/div>\n\n        <\/div>\n\n        \t\t<\/div>\n\t\t\t\t<\/div>\n\t\t\t\t<div class=\"elementor-element elementor-element-6d8b6461 elementor-widget elementor-widget-spacer\" data-id=\"6d8b6461\" data-element_type=\"widget\" data-widget_type=\"spacer.default\">\n\t\t\t\t<div class=\"elementor-widget-container\">\n\t\t\t\t\t<div class=\"elementor-spacer\">\n\t\t\t<div class=\"elementor-spacer-inner\"><\/div>\n\t\t<\/div>\n\t\t\t\t<\/div>\n\t\t\t\t<\/div>\n\t\t\t\t\t<\/div>\n\t\t<\/div>\n\t\t\t\t\t\t\t<\/div>\n\t\t<\/section>\n\t\t\t\t<section class=\"elementor-section elementor-top-section elementor-element elementor-element-19a2a9f4 elementor-section-boxed elementor-section-height-default elementor-section-height-default\" data-id=\"19a2a9f4\" data-element_type=\"section\" data-settings=\"{&quot;background_background&quot;:&quot;gradient&quot;}\">\n\t\t\t\t\t\t<div class=\"elementor-container elementor-column-gap-wider\">\n\t\t\t\t\t<div class=\"elementor-column elementor-col-100 elementor-top-column elementor-element elementor-element-5b7a51c1\" data-id=\"5b7a51c1\" data-element_type=\"column\">\n\t\t\t<div class=\"elementor-widget-wrap elementor-element-populated\">\n\t\t\t\t\t\t\t\t<div class=\"elementor-element elementor-element-4ac6a405 elementor-widget elementor-widget-themo-call-to-action\" data-id=\"4ac6a405\" data-element_type=\"widget\" data-widget_type=\"themo-call-to-action.default\">\n\t\t\t\t<div class=\"elementor-widget-container\">\n\t\t\t\t\t<div class=\"th-cta\">\n\t\t\t\t\t        <div class=\"th-cta-text\">\n\t\t            <span>\u00bfListo para una experiencia \u00fanica?<\/span>\n\t\t        <\/div>\n\t\t    \n                        <div class=\"th-cta-btn\">\n\n                                    <a class=\"btn-1 btn th-btn btn-ghost-light\" href=\"https:\/\/securept2.e-gds.com\/hoteldolargo\/\" target=\"_blank\">\n                                                    Reservar ahora                                            <\/a>\n                \n                            <\/div>\n            \t\t<\/div>\n\t\t\t\t<\/div>\n\t\t\t\t<\/div>\n\t\t\t\t\t<\/div>\n\t\t<\/div>\n\t\t\t\t\t\t\t<\/div>\n\t\t<\/section>\n\t\t\t\t\t\t<\/div>\n\t\t\t\t\t<\/div>\n\t\t","protected":false},"excerpt":{"rendered":"<p>Habit\u00e1ciones Nuestras habitaciones&hellip;<\/p>\n","protected":false},"author":1,"featured_media":0,"parent":0,"menu_order":14,"comment_status":"closed","ping_status":"closed","template":"","meta":[],"aioseo_notices":[],"_links":{"self":[{"href":"https:\/\/www.hoteldolargo.pt\/es\/wp-json\/wp\/v2\/pages\/1963"}],"collection":[{"href":"https:\/\/www.hoteldolargo.pt\/es\/wp-json\/wp\/v2\/pages"}],"about":[{"href":"https:\/\/www.hoteldolargo.pt\/es\/wp-json\/wp\/v2\/types\/page"}],"author":[{"embeddable":true,"href":"https:\/\/www.hoteldolargo.pt\/es\/wp-json\/wp\/v2\/users\/1"}],"replies":[{"embeddable":true,"href":"https:\/\/www.hoteldolargo.pt\/es\/wp-json\/wp\/v2\/comments?post=1963"}],"version-history":[{"count":5,"href":"https:\/\/www.hoteldolargo.pt\/es\/wp-json\/wp\/v2\/pages\/1963\/revisions"}],"predecessor-version":[{"id":2095,"href":"https:\/\/www.hoteldolargo.pt\/es\/wp-json\/wp\/v2\/pages\/1963\/revisions\/2095"}],"wp:attachment":[{"href":"https:\/\/www.hoteldolargo.pt\/es\/wp-json\/wp\/v2\/media?parent=1963"}],"curies":[{"name":"wp","href":"https:\/\/api.w.org\/{rel}","templated":true}]}}